{"id":178,"date":"2021-07-12T21:52:17","date_gmt":"2021-07-12T19:52:17","guid":{"rendered":"http:\/\/415hertz.de\/wordpress\/?page_id=178"},"modified":"2025-04-04T12:43:23","modified_gmt":"2025-04-04T10:43:23","slug":"impressum","status":"publish","type":"page","link":"https:\/\/415hertz.de\/?page_id=178","title":{"rendered":"Impressum"},"content":{"rendered":"\n<p>Angaben gem\u00e4\u00df \u00a7 5 TMG<\/p>\n\n\n\n<p>415 Hz f\u00fcr die Jugend e.V.<\/p>\n\n\n\n<p>Uwe Schlotterm\u00fcller<\/p>\n\n\n\n<p class=\"has-text-align-left\">Schillerstr. 6<\/p>\n\n\n\n<p class=\"has-text-align-left\">79102 Freiburg<\/p>\n\n\n\n<h2 class=\"wp-block-heading\">Vertreten durch:<\/h2>\n\n\n\n<p>1. Vorsitzender: Uwe Schlotterm\u00fcller<\/p>\n\n\n\n<p>2. Vorsitzender: Anais Karier<\/p>\n\n\n\n<p>Urheber der Medien: Elias Klein<\/p>\n\n\n\n<p>Registergericht: Amtsgericht Freiburg im Breisgau<\/p>\n\n\n\n<p>Registernummer: VR701345<\/p>\n\n\n\n<h2 class=\"wp-block-heading\">Kontakt<\/h2>\n\n\n\n<p>E-Mail: schlottermueller@415hertz.de<\/p>\n\n\n\n<p>Verantwortlich f\u00fcr den Inhalt nach \u00a7 55 Abs. 2 RStV: 415Hz f\u00fcr die Jugend e.V.<\/p>\n\n\n\n<p>Wir sind nicht bereit oder verpflichtet, an Streitbeteiligungsverfahren vor einer Verbraucherschlichtungsstelle teilzunehmen.<\/p>\n\n\n\n<h2 class=\"wp-block-heading\">Haftung f\u00fcr Inhalte<\/h2>\n\n\n\n<p>Als Diensteanbieter sind wir gem\u00e4\u00df \u00a7 7 Abs.1 TMG f\u00fcr eigene Inhalte auf diesen Seiten nach den allgemeinen Gesetzen verantwortlich. Nach \u00a7 8 bis 10 TMG sind wir als Diensteanbieter jedoch nicht verpflichtet, \u00fcbermittelte oder gespeicherte fremde Informationen zu \u00fcberwachen oder nach Umst\u00e4nden zu forschen, die auf eine rechtswidrige T\u00e4tigkeit hinweisen.<\/p>\n\n\n\n<p>Verpflichtungen zur Entfernung oder Sperrung der Nutzung von Informationen nach den allgemeinen Gesetzen bleiben hiervon unber\u00fchrt. Eine diesbez\u00fcgliche Haftung ist jedoch erst ab dem Zeitpunkt der Kenntnis einer konkreten Rechtsverletzung m\u00f6glich. Bei Bekanntwerden von entsprechenden Rechtsverletzungen werden wir diese Inhalte umgehend entfernen.<\/p>\n\n\n\n<h2 class=\"wp-block-heading\">Urheberrecht<\/h2>\n\n\n\n<p>Die durch die Seitenbetreiber erstellten Inhalte und Werke auf diesen Seiten unterliegen dem deutschen Urheberrecht. Die Vervielf\u00e4ltigung, Bearbeitung, Verbreitung und jede Art der Verwertung au\u00dferhalb der Grenzen des Urheberrechtes bed\u00fcrfen der schriftlichen Zustimmung des jeweiligen Autors bzw. Erstellers. Downloads und Kopien dieser Seite sind nur f\u00fcr den privaten, nicht kommerziellen Gebrauch gestattet.<\/p>\n\n\n\n<p>Soweit die Inhalte auf dieser Seite nicht vom Betreiber erstellt wurden, werden die Urheberrechte Dritter beachtet. Insbesondere werden Inhalte Dritter als solche gekennzeichnet. Sollten Sie trotzdem auf eine Urheberrechtsverletzung aufmerksam werden, bitten wir um einen entsprechenden Hinweis. Bei Bekanntwerden von Rechtsverletzungen werden wir derartige Inhalte umgehend entfernen.<\/p>\n\n\n\n<h2 class=\"wp-block-heading\">Marken<\/h2>\n\n\n\n<p>S\u00e4mtliche Namen, Marken und Warenzeichen, auch wenn hier nicht ausdr\u00fccklich als solche gekennzeichnet, sind Eigentum der jeweiligen Inhaber.<\/p>\n\n\n\n<h2 class=\"wp-block-heading\">Haftung f\u00fcr Links<\/h2>\n\n\n\n<p>Unser Angebot enth\u00e4lt Links zu externen Webseiten Dritter, auf deren Inhalte wir keinen Einfluss haben. Deshalb k\u00f6nnen wir f\u00fcr diese fremden Inhalte auch keine Gew\u00e4hr \u00fcbernehmen. F\u00fcr die Inhalte der verlinkten Seiten ist stets der jeweilige Anbieter oder Betreiber der Seiten verantwortlich. Die verlinkten Seiten wurden zum Zeitpunkt der Verlinkung auf m\u00f6gliche Rechtsverst\u00f6\u00dfe \u00fcberpr\u00fcft. Rechtswidrige Inhalte waren zum Zeitpunkt der Verlinkung nicht erkennbar.<\/p>\n\n\n\n<p>Eine permanente inhaltliche Kontrolle der verlinkten Seiten ist jedoch ohne konkrete Anhaltspunkte einer Rechtsverletzung nicht zumutbar. Bei Bekanntwerden von Rechtsverletzungen werden wir derartige Links umgehend entfernen.<\/p>\n\n\n\n<h2 class=\"wp-block-heading\">Gew\u00e4hrleistungsausschluss I<\/h2>\n\n\n\n<p>Der Betreiber dieser Website \u00fcbernimmt keine Gew\u00e4hrleistung oder Haftung f\u00fcr etwaige Sch\u00e4den, Folgesch\u00e4den oder Ausf\u00e4lle, die entstehen k\u00f6nnen. Die Nutzer verzichten auf jedwede Anspr\u00fcche gegen den Betreiber dieser Seite, die sich aus diesen Vorg\u00e4ngen ergeben k\u00f6nnen.<\/p>\n\n\n\n<h2 class=\"wp-block-heading\">Gew\u00e4hrleistungsausschluss II<\/h2>\n\n\n\n<p>Die Autoren der auf dieser Website angebotenen Programme\/Texte \u00fcbernehmen keine Gew\u00e4hrleistung oder Haftung f\u00fcr etwaige Sch\u00e4den, Folgesch\u00e4den oder Ausf\u00e4lle, die durch die Nutzung der Software oder der Texte entstehen k\u00f6nnen. Die Nutzer verzichten auf jedwede Anspr\u00fcche gegen die Autoren, die sich aus diesen Vorg\u00e4ngen ergeben k\u00f6nnten.<\/p>\n\n\n\n<h2 class=\"wp-block-heading\">Realisierung und Umsetzung<\/h2>\n\n\n\n<p style=\"font-size:23px\">Elias Klein<\/p>\n\n\n\n<div style=\"height:70px\" aria-hidden=\"true\" class=\"wp-block-spacer\"><\/div>\n\n\n\n<p><sub>Quelle zur Erstellung des Impressums:&nbsp;<\/sub><a rel=\"noreferrer noopener\" href=\"https:\/\/www.e-recht24.de\/impressum-generator.html\" target=\"_blank\"><sub>www.e-recht24.de\/impressum-generator.html<\/sub><\/a><\/p>\n","protected":false},"excerpt":{"rendered":"<p>Angaben gem\u00e4\u00df \u00a7 5 TMG 415 Hz f\u00fcr die Jugend e.V. Uwe Schlotterm\u00fcller Schillerstr. 6 79102 Freiburg Vertreten durch: 1. Vorsitzender: Uwe Schlotterm\u00fcller 2. Vorsitzender: Anais Karier Urheber der Medien: Elias Klein Registergericht: Amtsgericht Freiburg im Breisgau Registernummer: VR701345 Kontakt E-Mail: schlottermueller@415hertz.de Verantwortlich f\u00fcr den Inhalt nach \u00a7 55 Abs. 2 RStV: 415Hz f\u00fcr die &hellip; <\/p>\n<p class=\"link-more\"><a href=\"https:\/\/415hertz.de\/?page_id=178\" class=\"more-link\"><span class=\"screen-reader-text\">\u201eImpressum\u201c <\/span>weiterlesen<\/a><\/p>\n","protected":false},"author":1,"featured_media":0,"parent":0,"menu_order":0,"comment_status":"closed","ping_status":"closed","template":"","meta":{"footnotes":""},"class_list":["post-178","page","type-page","status-publish","hentry"],"_links":{"self":[{"href":"https:\/\/415hertz.de\/index.php?rest_route=\/wp\/v2\/pages\/178","targetHints":{"allow":["GET"]}}],"collection":[{"href":"https:\/\/415hertz.de\/index.php?rest_route=\/wp\/v2\/pages"}],"about":[{"href":"https:\/\/415hertz.de\/index.php?rest_route=\/wp\/v2\/types\/page"}],"author":[{"embeddable":true,"href":"https:\/\/415hertz.de\/index.php?rest_route=\/wp\/v2\/users\/1"}],"replies":[{"embeddable":true,"href":"https:\/\/415hertz.de\/index.php?rest_route=%2Fwp%2Fv2%2Fcomments&post=178"}],"version-history":[{"count":14,"href":"https:\/\/415hertz.de\/index.php?rest_route=\/wp\/v2\/pages\/178\/revisions"}],"predecessor-version":[{"id":408,"href":"https:\/\/415hertz.de\/index.php?rest_route=\/wp\/v2\/pages\/178\/revisions\/408"}],"wp:attachment":[{"href":"https:\/\/415hertz.de\/index.php?rest_route=%2Fwp%2Fv2%2Fmedia&parent=178"}],"curies":[{"name":"wp","href":"https:\/\/api.w.org\/{rel}","templated":true}]}}