{"id":26,"date":"2021-07-10T23:13:46","date_gmt":"2021-07-10T21:13:46","guid":{"rendered":"http:\/\/415hertz.de\/wordpress\/?page_id=26"},"modified":"2023-02-19T18:51:35","modified_gmt":"2023-02-19T17:51:35","slug":"startseite","status":"publish","type":"page","link":"https:\/\/415hertz.de\/","title":{"rendered":""},"content":{"rendered":"\n<h2 class=\"wp-block-heading\">HERZLICH WILLKOMMEN BEI 415 HERTZ!<\/h2>\n\n\n\n<p>Der F\u00f6rderverein &#8222;415 Hz f\u00fcr die Jugend e.V.&#8220; hat es sich zur Aufgabe gemacht, junge Ensembles zu unterst\u00fctzen, die auf historischen Instrumenten musizieren. Zu diesem Zweck betreut er einen Fundus von Instrumenten und stellt diese jungen Musikerinnen und Musikern, \u00fcberwiegend den Mitgliedern des <a rel=\"noreferrer noopener\" href=\"https:\/\/www.landesjugendbarockorchester.de\/ueber-uns\/\" data-type=\"URL\" data-id=\"https:\/\/www.landesjugendbarockorchester.de\/ueber-uns\/\" target=\"_blank\">Landesjugendbarockorchesters Baden-W\u00fcrttemberg<\/a>, zur Verf\u00fcgung. Einige Barockinstrumente wurden von Privatpersonen als Dauerleihgabe dem Verein \u00fcberlassen. Andere hat der Verein mithilfe von Mitgliedsbeitr\u00e4gen, Partnerschaften und Spendengeldern angeschafft. <\/p>\n\n\n\n<p>Werden auch Sie Teil der F\u00f6rdergemeinschaft! Mit nur 20 Euro im Jahr k\u00f6nnen Sie Mitglied im F\u00f6rderverein werden, Sie k\u00f6nnen eine Patenschaft \u00fcber ein bestimmtes Instrument \u00fcbernehmen, oder eine einmalige Spende \u00fcberweisen. <\/p>\n\n\n\n<p><\/p>\n\n\n\n<div style=\"height:100px\" aria-hidden=\"true\" class=\"wp-block-spacer\"><\/div>\n\n\n\n<figure class=\"wp-block-image size-large is-style-default\"><img loading=\"lazy\" decoding=\"async\" width=\"1024\" height=\"683\" src=\"https:\/\/415hertz.dewp-content\/uploads\/2021\/07\/IMG_0361-1024x683.jpg\" alt=\"\" class=\"wp-image-213\" srcset=\"https:\/\/415hertz.de\/wp-content\/uploads\/2021\/07\/IMG_0361-1024x683.jpg 1024w, https:\/\/415hertz.de\/wp-content\/uploads\/2021\/07\/IMG_0361-300x200.jpg 300w, https:\/\/415hertz.de\/wp-content\/uploads\/2021\/07\/IMG_0361-768x512.jpg 768w, https:\/\/415hertz.de\/wp-content\/uploads\/2021\/07\/IMG_0361-1536x1024.jpg 1536w, https:\/\/415hertz.de\/wp-content\/uploads\/2021\/07\/IMG_0361-2048x1365.jpg 2048w\" sizes=\"auto, (max-width: 767px) 89vw, (max-width: 1000px) 54vw, (max-width: 1071px) 543px, 580px\" \/><figcaption class=\"wp-element-caption\">Jung und &#8222;Alt&#8220;, unerfahrene und professionelle Musiker beim gemeinsamen musizieren mit Barockinstrumenten: Viola D&#8217;Amore, Violine, Viola, Cello, Kontrabass v.l.n.r. und Cembalo (in der Mitte)<\/figcaption><\/figure>\n\n\n\n<p class=\"has-white-color has-text-color\">Der Verein &#8222;415 Hz f\u00fcr die Jugend e.V.&#8220; hat es sich zur Aufgabe gemacht, junge Musiker*innen an die historische Auff\u00fchrungspraxis heranzuf\u00fchren. Zu diesem Zut er einen Fundus von Instrumenten und stellt sie f\u00fcr die Projekte des LJBOs BW zur Verf\u00fcgung. Diese Instrumente sind zum Teil vom Verein angeschafft worden oder werden zu einem gro\u00dfen Teil von Privatpersonen als Dauerleihgabe dem Verein \u00fcberlas<\/p>\n","protected":false},"excerpt":{"rendered":"<p>HERZLICH WILLKOMMEN BEI 415 HERTZ! Der F\u00f6rderverein &#8222;415 Hz f\u00fcr die Jugend e.V.&#8220; hat es sich zur Aufgabe gemacht, junge Ensembles zu unterst\u00fctzen, die auf historischen Instrumenten musizieren. Zu diesem Zweck betreut er einen Fundus von Instrumenten und stellt diese jungen Musikerinnen und Musikern, \u00fcberwiegend den Mitgliedern des Landesjugendbarockorchesters Baden-W\u00fcrttemberg, zur Verf\u00fcgung. Einige Barockinstrumente wurden &hellip; <\/p>\n<p class=\"link-more\"><a href=\"https:\/\/415hertz.de\/\" class=\"more-link\"><span class=\"screen-reader-text\">\u201e\u201c <\/span>weiterlesen<\/a><\/p>\n","protected":false},"author":1,"featured_media":166,"parent":0,"menu_order":0,"comment_status":"closed","ping_status":"closed","template":"","meta":{"footnotes":""},"class_list":["post-26","page","type-page","status-publish","has-post-thumbnail","hentry"],"_links":{"self":[{"href":"https:\/\/415hertz.de\/index.php?rest_route=\/wp\/v2\/pages\/26","targetHints":{"allow":["GET"]}}],"collection":[{"href":"https:\/\/415hertz.de\/index.php?rest_route=\/wp\/v2\/pages"}],"about":[{"href":"https:\/\/415hertz.de\/index.php?rest_route=\/wp\/v2\/types\/page"}],"author":[{"embeddable":true,"href":"https:\/\/415hertz.de\/index.php?rest_route=\/wp\/v2\/users\/1"}],"replies":[{"embeddable":true,"href":"https:\/\/415hertz.de\/index.php?rest_route=%2Fwp%2Fv2%2Fcomments&post=26"}],"version-history":[{"count":22,"href":"https:\/\/415hertz.de\/index.php?rest_route=\/wp\/v2\/pages\/26\/revisions"}],"predecessor-version":[{"id":322,"href":"https:\/\/415hertz.de\/index.php?rest_route=\/wp\/v2\/pages\/26\/revisions\/322"}],"wp:featuredmedia":[{"embeddable":true,"href":"https:\/\/415hertz.de\/index.php?rest_route=\/wp\/v2\/media\/166"}],"wp:attachment":[{"href":"https:\/\/415hertz.de\/index.php?rest_route=%2Fwp%2Fv2%2Fmedia&parent=26"}],"curies":[{"name":"wp","href":"https:\/\/api.w.org\/{rel}","templated":true}]}}