{"id":293,"date":"2021-07-22T00:18:16","date_gmt":"2021-07-21T22:18:16","guid":{"rendered":"http:\/\/415hertz.de\/?page_id=293"},"modified":"2026-03-11T16:31:29","modified_gmt":"2026-03-11T15:31:29","slug":"partner","status":"publish","type":"page","link":"https:\/\/415hertz.de\/?page_id=293","title":{"rendered":"Partner"},"content":{"rendered":"\n<div style=\"height:60px\" aria-hidden=\"true\" class=\"wp-block-spacer\"><\/div>\n\n\n\n<h2 class=\"wp-block-heading\">Landesmusikrat Baden &#8211; W\u00fcrttemberg<\/h2>\n\n\n\n<figure class=\"wp-block-image size-full\"><img loading=\"lazy\" decoding=\"async\" width=\"275\" height=\"79\" src=\"https:\/\/415hertz.de\/wp-content\/uploads\/2021\/07\/Landesmusikrat.png\" alt=\"\" class=\"wp-image-294\"\/><\/figure>\n\n\n\n<p><strong>WIR<\/strong>&nbsp;vertreten den Deutschen Musikrat auf L\u00e4nderebene und sind die Stimme von 1,6 Millionen Menschen. Wir setzen uns daf\u00fcr ein, dass Jung und Alt Musik&nbsp;<strong>MACHEN<\/strong>&nbsp;k\u00f6nnen. Denn ob Klassik, Jazz, Pop, Welt- oder Volksmusik \u2013 ohne&nbsp;<strong>MUSIK<\/strong>&nbsp;ist alles nichts.<\/p>\n\n\n\n<p>Die Landesjugendensembles, unsere Orchester, Bands und Ch\u00f6re, sind neben den Wettbewerben und Kursen das Herzst\u00fcck unserer Jugendf\u00f6rderung. Hier treffen sich die Nachwuchstalente aus ganz Baden-W\u00fcrttemberg w\u00e4hrend der Ferienzeit, um gemeinsam zu singen, musizieren und Spa\u00df zu haben. Dar\u00fcber hinaus ist es auch eine spannende Sache, die Dozentinnen und Dozenten, alles renommierte Gr\u00f6\u00dfen ihres Faches, auf Augenh\u00f6he und in freundschaftlichem Umgang zu erleben. Nach intensiven Proben stehen dann meist mehrere Konzerte auf dem Programm, die einen feierlichen Abschluss der Arbeitsphasen bilden. Ein besonderes Schmankerl sind sicherlich auch die Auslandsreisen, die unsere Jugendensembles schon um die ganze Welt gef\u00fchrt haben. Diese Erfahrungen und Erinnerungen, die jeder und jede mit nach Hause nimmt, bleiben lange im Ged\u00e4chtnis, und nicht selten werden hier auch Freundschaften f\u00fcrs Leben geschlossen.\u00a0<\/p>\n\n\n\n<div style=\"height:60px\" aria-hidden=\"true\" class=\"wp-block-spacer\"><\/div>\n\n\n\n<h2 class=\"wp-block-heading\">Freiburger Barockorchester<\/h2>\n\n\n\n<figure class=\"wp-block-image size-full\"><img loading=\"lazy\" decoding=\"async\" width=\"150\" height=\"150\" src=\"https:\/\/415hertz.de\/wp-content\/uploads\/2021\/07\/fbo.jpg\" alt=\"\" class=\"wp-image-295\" srcset=\"https:\/\/415hertz.de\/wp-content\/uploads\/2021\/07\/fbo.jpg 150w, https:\/\/415hertz.de\/wp-content\/uploads\/2021\/07\/fbo-100x100.jpg 100w\" sizes=\"auto, (max-width: 150px) 100vw, 150px\" \/><\/figure>\n\n\n\n<p>Das Freiburger Barockorchester hat sich entschlossen, die Schirmherrschaft f\u00fcr das Landesjugendbarockorchester Baden-W\u00fcrttemberg zu \u00fcbernehmen. Im Ensemblehaus in Freiburg findet regelm\u00e4\u00dfig eine Arbeitsphase des Orchesters statt, bei der Dozierende des Freiburger Barockorchesters ihre Erfahrung und Kenntnisse an die junge Generation von Musikern weitergeben. &nbsp;<\/p>\n\n\n\n<div style=\"height:60px\" aria-hidden=\"true\" class=\"wp-block-spacer\"><\/div>\n\n\n\n<h2 class=\"wp-block-heading\">Stepper<\/h2>\n\n\n\n<figure class=\"wp-block-image size-full is-resized is-style-default\"><img loading=\"lazy\" decoding=\"async\" width=\"1000\" height=\"258\" src=\"https:\/\/415hertz.de\/wp-content\/uploads\/2024\/04\/stepper-1.png\" alt=\"\" class=\"wp-image-358\" style=\"width:275px;height:auto\" srcset=\"https:\/\/415hertz.de\/wp-content\/uploads\/2024\/04\/stepper-1.png 1000w, https:\/\/415hertz.de\/wp-content\/uploads\/2024\/04\/stepper-1-300x77.png 300w, https:\/\/415hertz.de\/wp-content\/uploads\/2024\/04\/stepper-1-768x198.png 768w\" sizes=\"auto, (max-width: 767px) 89vw, (max-width: 1000px) 54vw, (max-width: 1071px) 543px, 580px\" \/><\/figure>\n\n\n\n<p>Die Firma Stepper erm\u00f6glichte durch ihre finanzielle Unterst\u00fctzung die Gr\u00fcndung des Orchesters und hilft dem Verein seit Jahren durch gro\u00dfz\u00fcgige Spenden den Instrumentenfundus erhalten und erweitern zu k\u00f6nnen<\/p>\n\n\n\n<div style=\"height:60px\" aria-hidden=\"true\" class=\"wp-block-spacer\"><\/div>\n\n\n\n<h2 class=\"wp-block-heading\">Musik auf der H\u00f6he<\/h2>\n\n\n\n<figure class=\"wp-block-image size-full\"><img loading=\"lazy\" decoding=\"async\" width=\"150\" height=\"125\" src=\"https:\/\/415hertz.de\/wp-content\/uploads\/2021\/07\/musik-auf-der-hoehe.jpg\" alt=\"\" class=\"wp-image-296\"\/><\/figure>\n\n\n\n<p>Der&nbsp;<a href=\"https:\/\/www.musik-auf-der-hoehe.de\/\" target=\"_blank\" rel=\"noreferrer noopener\">Verein \u201eMusik auf der H\u00f6he<\/a>&nbsp;e.V.\u201c erm\u00f6glichte durch seine Vorarbeit die Gr\u00fcndung des LJBOs BW. Diese Vorarbeit wurde durch die Barockband geleistet, f\u00fcr die auch der Fundus an Barockinstrumenten angeschafft wurde. &nbsp;<\/p>\n\n\n\n<div style=\"height:60px\" aria-hidden=\"true\" class=\"wp-block-spacer\"><\/div>\n","protected":false},"excerpt":{"rendered":"<p>Landesmusikrat Baden &#8211; W\u00fcrttemberg WIR&nbsp;vertreten den Deutschen Musikrat auf L\u00e4nderebene und sind die Stimme von 1,6 Millionen Menschen. Wir setzen uns daf\u00fcr ein, dass Jung und Alt Musik&nbsp;MACHEN&nbsp;k\u00f6nnen. Denn ob Klassik, Jazz, Pop, Welt- oder Volksmusik \u2013 ohne&nbsp;MUSIK&nbsp;ist alles nichts. Die Landesjugendensembles, unsere Orchester, Bands und Ch\u00f6re, sind neben den Wettbewerben und Kursen das Herzst\u00fcck &hellip; <\/p>\n<p class=\"link-more\"><a href=\"https:\/\/415hertz.de\/?page_id=293\" class=\"more-link\"><span class=\"screen-reader-text\">\u201ePartner\u201c <\/span>weiterlesen<\/a><\/p>\n","protected":false},"author":1,"featured_media":0,"parent":0,"menu_order":0,"comment_status":"closed","ping_status":"closed","template":"","meta":{"footnotes":""},"class_list":["post-293","page","type-page","status-publish","hentry"],"_links":{"self":[{"href":"https:\/\/415hertz.de\/index.php?rest_route=\/wp\/v2\/pages\/293","targetHints":{"allow":["GET"]}}],"collection":[{"href":"https:\/\/415hertz.de\/index.php?rest_route=\/wp\/v2\/pages"}],"about":[{"href":"https:\/\/415hertz.de\/index.php?rest_route=\/wp\/v2\/types\/page"}],"author":[{"embeddable":true,"href":"https:\/\/415hertz.de\/index.php?rest_route=\/wp\/v2\/users\/1"}],"replies":[{"embeddable":true,"href":"https:\/\/415hertz.de\/index.php?rest_route=%2Fwp%2Fv2%2Fcomments&post=293"}],"version-history":[{"count":7,"href":"https:\/\/415hertz.de\/index.php?rest_route=\/wp\/v2\/pages\/293\/revisions"}],"predecessor-version":[{"id":470,"href":"https:\/\/415hertz.de\/index.php?rest_route=\/wp\/v2\/pages\/293\/revisions\/470"}],"wp:attachment":[{"href":"https:\/\/415hertz.de\/index.php?rest_route=%2Fwp%2Fv2%2Fmedia&parent=293"}],"curies":[{"name":"wp","href":"https:\/\/api.w.org\/{rel}","templated":true}]}}