{"id":78,"date":"2021-07-11T00:04:16","date_gmt":"2021-07-10T22:04:16","guid":{"rendered":"http:\/\/415hertz.de\/wordpress\/?page_id=78"},"modified":"2026-03-11T16:34:07","modified_gmt":"2026-03-11T15:34:07","slug":"bestehende-patenschaften","status":"publish","type":"page","link":"https:\/\/415hertz.de\/?page_id=78","title":{"rendered":"Instrumenten-Patenschaften"},"content":{"rendered":"\n<div style=\"height:50px\" aria-hidden=\"true\" class=\"wp-block-spacer\"><\/div>\n\n\n\n<p>Wir freuen \u00fcber Ihr Interesse an einer Instrumenten-Patenschaft. Die Patenschaft besteht darin, dass Sie das entsprechende Instrument kaufen und dem Verein bzw. dem Orchester zur Verf\u00fcgung stellen. Die Versicherungskosten werden dabei vom Verein \u00fcbernommen. Auf diese Weise erm\u00f6glichen Sie den jungen Musikerinnen und Musikern, Erfahrungen auf einem Barockinstrument zu sammeln, Au\u00dferdem tragen Sie einen gro\u00dfen Teil zur Entwicklung der Jugendlichen und des Landesjugendbarockorchesters bei. Es gibt aktuell wieder einige Instrumente, f\u00fcr die eine Patenschaft \u00fcbernommen werden kann, z.B. das Cello, welches Sie unten abgebildet sehen.<\/p>\n\n\n\n<p>Bei Fragen wenden Sie sich gerne an <a href=\"mailto:schlottermueller@415hertz.de\" target=\"_blank\" rel=\"noreferrer noopener\">schlottermueller@415hertz.de<\/a>. Wir freuen uns \u00fcber Ihre Unterst\u00fctzung!<\/p>\n\n\n\n<h2 class=\"wp-block-heading\">Um Ihnen ein Bild der schon bestehenden Patenschaften zu machen, hier einige Beispiele:<\/h2>\n\n\n\n<div style=\"height:100px\" aria-hidden=\"true\" class=\"wp-block-spacer\"><\/div>\n\n\n\n<figure class=\"wp-block-image size-large is-style-default\"><img loading=\"lazy\" decoding=\"async\" width=\"1024\" height=\"683\" src=\"https:\/\/415hertz.dewp-content\/uploads\/2021\/07\/IMG_1237-1024x683.jpg\" alt=\"\" class=\"wp-image-184\" srcset=\"https:\/\/415hertz.de\/wp-content\/uploads\/2021\/07\/IMG_1237-1024x683.jpg 1024w, https:\/\/415hertz.de\/wp-content\/uploads\/2021\/07\/IMG_1237-300x200.jpg 300w, https:\/\/415hertz.de\/wp-content\/uploads\/2021\/07\/IMG_1237-768x512.jpg 768w, https:\/\/415hertz.de\/wp-content\/uploads\/2021\/07\/IMG_1237-1536x1024.jpg 1536w, https:\/\/415hertz.de\/wp-content\/uploads\/2021\/07\/IMG_1237-2048x1365.jpg 2048w\" sizes=\"auto, (max-width: 767px) 89vw, (max-width: 1000px) 54vw, (max-width: 1071px) 543px, 580px\" \/><figcaption class=\"wp-element-caption\">Hentschel-Barockvioline, L\u00fcneburg 2006. Patenschaft Frau Ostertag<\/figcaption><\/figure>\n\n\n\n<figure class=\"wp-block-image size-large is-style-default\"><img loading=\"lazy\" decoding=\"async\" width=\"1024\" height=\"683\" src=\"https:\/\/415hertz.de\/wp-content\/uploads\/2023\/03\/IMG_1273-1024x683.jpg\" alt=\"\" class=\"wp-image-346\" srcset=\"https:\/\/415hertz.de\/wp-content\/uploads\/2023\/03\/IMG_1273-1024x683.jpg 1024w, https:\/\/415hertz.de\/wp-content\/uploads\/2023\/03\/IMG_1273-300x200.jpg 300w, https:\/\/415hertz.de\/wp-content\/uploads\/2023\/03\/IMG_1273-768x512.jpg 768w, https:\/\/415hertz.de\/wp-content\/uploads\/2023\/03\/IMG_1273-1536x1024.jpg 1536w, https:\/\/415hertz.de\/wp-content\/uploads\/2023\/03\/IMG_1273-2048x1365.jpg 2048w\" sizes=\"auto, (max-width: 767px) 89vw, (max-width: 1000px) 54vw, (max-width: 1071px) 543px, 580px\" \/><figcaption class=\"wp-element-caption\">Lei\u00dfmiller-Barockbratsche, Mittenwald 1757. Patenschaft Familie Kim<\/figcaption><\/figure>\n\n\n\n<figure class=\"wp-block-image size-large is-style-default\"><img loading=\"lazy\" decoding=\"async\" width=\"1024\" height=\"683\" src=\"https:\/\/415hertz.de\/wp-content\/uploads\/2023\/03\/IMG_1296-1024x683.jpg\" alt=\"\" class=\"wp-image-348\" srcset=\"https:\/\/415hertz.de\/wp-content\/uploads\/2023\/03\/IMG_1296-1024x683.jpg 1024w, https:\/\/415hertz.de\/wp-content\/uploads\/2023\/03\/IMG_1296-300x200.jpg 300w, https:\/\/415hertz.de\/wp-content\/uploads\/2023\/03\/IMG_1296-768x512.jpg 768w, https:\/\/415hertz.de\/wp-content\/uploads\/2023\/03\/IMG_1296-1536x1024.jpg 1536w, https:\/\/415hertz.de\/wp-content\/uploads\/2023\/03\/IMG_1296-2048x1365.jpg 2048w\" sizes=\"auto, (max-width: 767px) 89vw, (max-width: 1000px) 54vw, (max-width: 1071px) 543px, 580px\" \/><figcaption class=\"wp-element-caption\">Barockcello. Als Patenschaft verf\u00fcgbar<\/figcaption><\/figure>\n\n\n\n<figure class=\"wp-block-image size-large is-style-default\"><img loading=\"lazy\" decoding=\"async\" width=\"1024\" height=\"683\" src=\"https:\/\/415hertz.dewp-content\/uploads\/2021\/07\/IMG_1290-1024x683.jpg\" alt=\"\" class=\"wp-image-190\" srcset=\"https:\/\/415hertz.de\/wp-content\/uploads\/2021\/07\/IMG_1290-1024x683.jpg 1024w, https:\/\/415hertz.de\/wp-content\/uploads\/2021\/07\/IMG_1290-300x200.jpg 300w, https:\/\/415hertz.de\/wp-content\/uploads\/2021\/07\/IMG_1290-768x512.jpg 768w, https:\/\/415hertz.de\/wp-content\/uploads\/2021\/07\/IMG_1290-1536x1024.jpg 1536w, https:\/\/415hertz.de\/wp-content\/uploads\/2021\/07\/IMG_1290-2048x1365.jpg 2048w\" sizes=\"auto, (max-width: 767px) 89vw, (max-width: 1000px) 54vw, (max-width: 1071px) 543px, 580px\" \/><figcaption class=\"wp-element-caption\">Barock-Kontrabass. Eigentum des Vereins 415 Hertz<\/figcaption><\/figure>\n\n\n\n<div style=\"height:100px\" aria-hidden=\"true\" class=\"wp-block-spacer\"><\/div>\n\n\n\n<h2 class=\"wp-block-heading\">Profit durch Support<\/h2>\n\n\n\n<p>Mit einer Patenschaft machen Sie nicht nur den jungen Musizierenden Freude, sondern auch sich selber. Sie tragen dazu bei, dass die Instrumente \u00fcberhaupt in Konzerten erklingen k\u00f6nnen!<\/p>\n\n\n\n<div style=\"height:50px\" aria-hidden=\"true\" class=\"wp-block-spacer\"><\/div>\n\n\n\n<blockquote class=\"wp-block-quote has-text-align-center is-layout-flow wp-block-quote-is-layout-flow\">\n<p>Dieses Gef\u00fchl, aktiv daran mitzuarbeiten, jungen Menschen diese M\u00f6glichkeit zu geben und die Dankbarkeit zu sehen ist, einfach toll!<\/p>\n<cite>Hanna Zaun<\/cite><\/blockquote>\n","protected":false},"excerpt":{"rendered":"<p>Wir freuen \u00fcber Ihr Interesse an einer Instrumenten-Patenschaft. Die Patenschaft besteht darin, dass Sie das entsprechende Instrument kaufen und dem Verein bzw. dem Orchester zur Verf\u00fcgung stellen. Die Versicherungskosten werden dabei vom Verein \u00fcbernommen. Auf diese Weise erm\u00f6glichen Sie den jungen Musikerinnen und Musikern, Erfahrungen auf einem Barockinstrument zu sammeln, Au\u00dferdem tragen Sie einen gro\u00dfen &hellip; <\/p>\n<p class=\"link-more\"><a href=\"https:\/\/415hertz.de\/?page_id=78\" class=\"more-link\"><span class=\"screen-reader-text\">\u201eInstrumenten-Patenschaften\u201c <\/span>weiterlesen<\/a><\/p>\n","protected":false},"author":1,"featured_media":175,"parent":0,"menu_order":0,"comment_status":"closed","ping_status":"closed","template":"","meta":{"footnotes":""},"class_list":["post-78","page","type-page","status-publish","has-post-thumbnail","hentry"],"_links":{"self":[{"href":"https:\/\/415hertz.de\/index.php?rest_route=\/wp\/v2\/pages\/78","targetHints":{"allow":["GET"]}}],"collection":[{"href":"https:\/\/415hertz.de\/index.php?rest_route=\/wp\/v2\/pages"}],"about":[{"href":"https:\/\/415hertz.de\/index.php?rest_route=\/wp\/v2\/types\/page"}],"author":[{"embeddable":true,"href":"https:\/\/415hertz.de\/index.php?rest_route=\/wp\/v2\/users\/1"}],"replies":[{"embeddable":true,"href":"https:\/\/415hertz.de\/index.php?rest_route=%2Fwp%2Fv2%2Fcomments&post=78"}],"version-history":[{"count":18,"href":"https:\/\/415hertz.de\/index.php?rest_route=\/wp\/v2\/pages\/78\/revisions"}],"predecessor-version":[{"id":473,"href":"https:\/\/415hertz.de\/index.php?rest_route=\/wp\/v2\/pages\/78\/revisions\/473"}],"wp:featuredmedia":[{"embeddable":true,"href":"https:\/\/415hertz.de\/index.php?rest_route=\/wp\/v2\/media\/175"}],"wp:attachment":[{"href":"https:\/\/415hertz.de\/index.php?rest_route=%2Fwp%2Fv2%2Fmedia&parent=78"}],"curies":[{"name":"wp","href":"https:\/\/api.w.org\/{rel}","templated":true}]}}