{"id":84,"date":"2021-07-11T00:15:27","date_gmt":"2021-07-10T22:15:27","guid":{"rendered":"http:\/\/415hertz.de\/wordpress\/?page_id=84"},"modified":"2026-03-08T10:23:55","modified_gmt":"2026-03-08T09:23:55","slug":"dokumente","status":"publish","type":"page","link":"https:\/\/415hertz.de\/?page_id=84","title":{"rendered":"Dokumente"},"content":{"rendered":"\n<p>Wir stellen Ihnen die Dokumente und Formulare die Sie ben\u00f6tigen um eine Instrumentenpatenschaft zu beantragen oder Mitglied im Verein zu werden, hier zur Verf\u00fcgung. Es steht Ihnen nichts mehr im Wege:<\/p>\n\n\n\n<div style=\"height:120px\" aria-hidden=\"true\" class=\"wp-block-spacer\"><\/div>\n\n\n\n<h2 class=\"wp-block-heading\"><strong>Instrumentenmiete<\/strong><\/h2>\n\n\n\n<div style=\"height:36px\" aria-hidden=\"true\" class=\"wp-block-spacer\"><\/div>\n\n\n\n<div data-wp-interactive=\"core\/file\" class=\"wp-block-file\"><object data-wp-bind--hidden=\"!state.hasPdfPreview\" hidden class=\"wp-block-file__embed\" data=\"https:\/\/415hertz.de\/wp-content\/uploads\/2025\/04\/Instrumentenmiete-415Hz-Lastschrft-042025.pdf\" type=\"application\/pdf\" style=\"width:100%;height:600px\" aria-label=\"Einbettung von Instrumentenmiete 415Hz.\"><\/object><a id=\"wp-block-file--media-beb44502-afdf-4b22-a00a-a92e61b7a728\" href=\"https:\/\/415hertz.de\/wp-content\/uploads\/2025\/04\/Instrumentenmiete-415Hz-Lastschrft-042025.pdf\">Instrumentenmiete 415Hz<\/a><a href=\"https:\/\/415hertz.de\/wp-content\/uploads\/2025\/04\/Instrumentenmiete-415Hz-Lastschrft-042025.pdf\" class=\"wp-block-file__button wp-element-button\" download aria-describedby=\"wp-block-file--media-beb44502-afdf-4b22-a00a-a92e61b7a728\">Herunterladen<\/a><\/div>\n\n\n\n<p><\/p>\n\n\n\n<p>Informationen \u00fcber die M\u00f6glichkeiten und Wege, den Verein und die Jugend zu unterst\u00fctzen!<\/p>\n\n\n\n<div style=\"height:120px\" aria-hidden=\"true\" class=\"wp-block-spacer\"><\/div>\n\n\n\n<h2 class=\"wp-block-heading\"><strong>Mitgliedschaftsantrag<\/strong><\/h2>\n\n\n\n<div style=\"height:48px\" aria-hidden=\"true\" class=\"wp-block-spacer\"><\/div>\n\n\n\n<div data-wp-interactive=\"core\/file\" class=\"wp-block-file\"><object data-wp-bind--hidden=\"!state.hasPdfPreview\" hidden class=\"wp-block-file__embed\" data=\"https:\/\/415hertz.de\/wp-content\/uploads\/2025\/04\/Mitgliedschaftsantrag-415Hz-042025.pdf\" type=\"application\/pdf\" style=\"width:100%;height:600px\" aria-label=\"Einbettung von Mitgliedschaftsantrag 415Hz.\"><\/object><a id=\"wp-block-file--media-6858edf7-8c34-4ec4-8e92-ae1504953086\" href=\"https:\/\/415hertz.de\/wp-content\/uploads\/2025\/04\/Mitgliedschaftsantrag-415Hz-042025.pdf\">Mitgliedschaftsantrag 415Hz<\/a><a href=\"https:\/\/415hertz.de\/wp-content\/uploads\/2025\/04\/Mitgliedschaftsantrag-415Hz-042025.pdf\" class=\"wp-block-file__button wp-element-button\" download aria-describedby=\"wp-block-file--media-6858edf7-8c34-4ec4-8e92-ae1504953086\">Herunterladen<\/a><\/div>\n\n\n\n<div style=\"height:100px\" aria-hidden=\"true\" class=\"wp-block-spacer\"><\/div>\n\n\n\n<p>Falls wir Sie \u00fcberzeugen konnten, Ihren Teil an der Unterst\u00fctzung f\u00fcr junge Musikerinnen und Musiker beizutragen, k\u00f6nnen Sie sich hier den Mitgliedschaftsantrag herunterladen, ausf\u00fcllen und ihn uns per Mail an: schlottermueller@415hertz.de, oder per Post an: 415 Hz f\u00fcr die Jugend e.V., Uwe Schlotterm\u00fcller, Schillerstr. 6, 79102 Freiburg , schicken!<\/p>\n\n\n\n<div style=\"height:100px\" aria-hidden=\"true\" class=\"wp-block-spacer\"><\/div>\n\n\n\n<p><strong>Vielen Dank f\u00fcr Ihre Unterst\u00fctzung!<\/strong><\/p>\n\n\n\n<div style=\"height:56px\" aria-hidden=\"true\" class=\"wp-block-spacer\"><\/div>\n\n\n\n<p>Bei Fragen zu Zahlungen etc. wenden Sie sich bitte an die Schatzmeisterin Anais Karier: <\/p>\n\n\n\n<p><strong><a href=\"mailto:karier@415hertz.de\" target=\"_blank\" rel=\"noreferrer noopener\">karier@415hertz.de<\/a><\/strong><\/p>\n\n\n\n<div style=\"height:120px\" aria-hidden=\"true\" class=\"wp-block-spacer\"><\/div>\n","protected":false},"excerpt":{"rendered":"<p>Wir stellen Ihnen die Dokumente und Formulare die Sie ben\u00f6tigen um eine Instrumentenpatenschaft zu beantragen oder Mitglied im Verein zu werden, hier zur Verf\u00fcgung. Es steht Ihnen nichts mehr im Wege: Instrumentenmiete Informationen \u00fcber die M\u00f6glichkeiten und Wege, den Verein und die Jugend zu unterst\u00fctzen! Mitgliedschaftsantrag Falls wir Sie \u00fcberzeugen konnten, Ihren Teil an der &hellip; <\/p>\n<p class=\"link-more\"><a href=\"https:\/\/415hertz.de\/?page_id=84\" class=\"more-link\"><span class=\"screen-reader-text\">\u201eDokumente\u201c <\/span>weiterlesen<\/a><\/p>\n","protected":false},"author":1,"featured_media":177,"parent":0,"menu_order":0,"comment_status":"closed","ping_status":"closed","template":"","meta":{"footnotes":""},"class_list":["post-84","page","type-page","status-publish","has-post-thumbnail","hentry"],"_links":{"self":[{"href":"https:\/\/415hertz.de\/index.php?rest_route=\/wp\/v2\/pages\/84","targetHints":{"allow":["GET"]}}],"collection":[{"href":"https:\/\/415hertz.de\/index.php?rest_route=\/wp\/v2\/pages"}],"about":[{"href":"https:\/\/415hertz.de\/index.php?rest_route=\/wp\/v2\/types\/page"}],"author":[{"embeddable":true,"href":"https:\/\/415hertz.de\/index.php?rest_route=\/wp\/v2\/users\/1"}],"replies":[{"embeddable":true,"href":"https:\/\/415hertz.de\/index.php?rest_route=%2Fwp%2Fv2%2Fcomments&post=84"}],"version-history":[{"count":18,"href":"https:\/\/415hertz.de\/index.php?rest_route=\/wp\/v2\/pages\/84\/revisions"}],"predecessor-version":[{"id":445,"href":"https:\/\/415hertz.de\/index.php?rest_route=\/wp\/v2\/pages\/84\/revisions\/445"}],"wp:featuredmedia":[{"embeddable":true,"href":"https:\/\/415hertz.de\/index.php?rest_route=\/wp\/v2\/media\/177"}],"wp:attachment":[{"href":"https:\/\/415hertz.de\/index.php?rest_route=%2Fwp%2Fv2%2Fmedia&parent=84"}],"curies":[{"name":"wp","href":"https:\/\/api.w.org\/{rel}","templated":true}]}}