{"id":87,"date":"2021-07-11T00:21:22","date_gmt":"2021-07-10T22:21:22","guid":{"rendered":"http:\/\/415hertz.de\/wordpress\/?page_id=87"},"modified":"2025-04-04T12:37:12","modified_gmt":"2025-04-04T10:37:12","slug":"aktuelles","status":"publish","type":"page","link":"https:\/\/415hertz.de\/?page_id=87","title":{"rendered":"Aktuelles"},"content":{"rendered":"\n<p>Nachdem im Jahre 2022 eine eigene Truhenorgel erworben werden konnte -mehr dazu unten- richtet sich der Fokus nun auf die Erweiterung des Streichinstrumenten-Fundus. So soll in diesem Jahr mit der h\u00f6chsten Priorit\u00e4t das erste vereinseigene Violoncello erworben werden. Geplant ist au\u00dferdem, den Fundus um eine Viola und eine Violine zu erweitern, die dann den Musikern des Landesjugendbarockorchesters zur Verf\u00fcgung gestellt werden k\u00f6nnen. Wenn Sie den Verein dabei unterst\u00fctzen m\u00f6chten, k\u00f6nnen Sie das auf zwei Arten tun: Zum einen durch eine Spende auf das Vereinskonto (siehe unten), zum anderen durch eine Instrumenten-Patenschaft. N\u00e4here Informationen dazu finden Sie unter &#8222;Instrumenten Patenschaften&#8220;. F\u00fcr Ihre Spende k\u00f6nnen wir Ihnen auf Wunsch gerne eine Spendenbescheinigung ausstellen. Au\u00dferdem freuen wir uns selbstverst\u00e4ndlich, wenn wir Sie als neues Mitglied im Verein begr\u00fc\u00dfen d\u00fcrfen. Mehr dazu unter &#8222;Mitgliedschaft&#8220;.<\/p>\n\n\n\n<div style=\"height:50px\" aria-hidden=\"true\" class=\"wp-block-spacer\"><\/div>\n\n\n\n<div class=\"wp-block-group\"><div class=\"wp-block-group__inner-container is-layout-constrained wp-block-group-is-layout-constrained\">\n<div class=\"wp-block-group\"><div class=\"wp-block-group__inner-container is-layout-constrained wp-block-group-is-layout-constrained\">\n<p class=\"has-text-align-left\">Spendenkonto: 415 Hz f\u00fcr die Jugend e.V.;<\/p>\n\n\n\n<p class=\"has-text-align-left\">IBAN: DE62 6805 0101 0013 5696 17; <\/p>\n\n\n\n<p class=\"has-text-align-left\">BIC: FRSPDE66<\/p>\n<\/div><\/div>\n<\/div><\/div>\n\n\n\n<div style=\"height:40px\" aria-hidden=\"true\" class=\"wp-block-spacer\"><\/div>\n\n\n\n<p>Bei Interesse oder Fragen wenden Sie sich gerne an: <strong><a href=\"mailto:schlottermueller@415hertz.de\" target=\"_blank\" rel=\"noreferrer noopener\">schlottermueller@415hertz.de<\/a><\/strong>. Wir freuen uns \u00fcber Ihr Interesse und Ihre Unterst\u00fctzung!<\/p>\n\n\n\n<div style=\"height:40px\" aria-hidden=\"true\" class=\"wp-block-spacer\"><\/div>\n\n\n<div class=\"wp-block-image\">\n<figure class=\"aligncenter size-large\"><img loading=\"lazy\" decoding=\"async\" width=\"867\" height=\"1024\" src=\"https:\/\/415hertz.dewp-content\/uploads\/2021\/07\/Truhe-scan_20201103-2-867x1024.png\" alt=\"\" class=\"wp-image-222\" srcset=\"https:\/\/415hertz.de\/wp-content\/uploads\/2021\/07\/Truhe-scan_20201103-2-867x1024.png 867w, https:\/\/415hertz.de\/wp-content\/uploads\/2021\/07\/Truhe-scan_20201103-2-254x300.png 254w, https:\/\/415hertz.de\/wp-content\/uploads\/2021\/07\/Truhe-scan_20201103-2-768x907.png 768w, https:\/\/415hertz.de\/wp-content\/uploads\/2021\/07\/Truhe-scan_20201103-2-1301x1536.png 1301w, https:\/\/415hertz.de\/wp-content\/uploads\/2021\/07\/Truhe-scan_20201103-2.png 1721w\" sizes=\"auto, (max-width: 767px) 89vw, (max-width: 1000px) 54vw, (max-width: 1071px) 543px, 580px\" \/><\/figure>\n<\/div>\n\n\n<div style=\"height:150px\" aria-hidden=\"true\" class=\"wp-block-spacer\"><\/div>\n\n\n\n<div style=\"height:50px\" aria-hidden=\"true\" class=\"wp-block-spacer\"><\/div>\n\n\n\n<h2 class=\"wp-block-heading has-text-align-center\">Unsere Traum-Orgel im Detail:<\/h2>\n\n\n\n<div class=\"wp-block-group\"><div class=\"wp-block-group__inner-container is-layout-flow wp-block-group-is-layout-flow\">\n<div class=\"wp-block-group\"><div class=\"wp-block-group__inner-container is-layout-flow wp-block-group-is-layout-flow\">\n<p class=\"has-text-align-center\">-voll ausgebauter Gedackt -8&#8242; von C-d&#8220;&#8216;<\/p>\n<\/div><\/div>\n\n\n\n<p class=\"has-text-align-center\">-tragf\u00e4higer 8&#8242; -Prinzipal von c\u00b0-d&#8220;&#8216;<\/p>\n\n\n\n<p class=\"has-text-align-center\">-klares 4&#8242; -Register, dessen tiefste Oktave gleichzeitig den Bass des Prinzipals verst\u00e4rkt<\/p>\n\n\n\n<p class=\"has-text-align-center\">-dreifache Transpositionsm\u00f6glichkeit auf 415, 440 und 465 Hertz<\/p>\n\n\n\n<p class=\"has-text-align-center\">-hochwertige und langlebige Ausf\u00fchrung der Holzarbeiten bei gleichzeitig guter Transportf\u00e4higkeit<\/p>\n<\/div><\/div>\n\n\n\n<div style=\"height:100px\" aria-hidden=\"true\" class=\"wp-block-spacer\"><\/div>\n\n\n\n<h2 class=\"wp-block-heading has-text-align-center\">Allgemeine Informationen \u00fcber Truhenorgeln<\/h2>\n\n\n\n<h2 class=\"wp-block-heading\">Klein aber ganz gro\u00df<\/h2>\n\n\n\n<p>Eine Truhenorgel hat zwar geringe Ma\u00dfe und ein vergleichsweise geringes Gewicht, dennoch verf\u00fcgt sie \u00fcber einen gro\u00dfen Klang. Dadurch, dass das Pfeifenwerk aus Holz ist, hat eine Truhenorgel einen milden aber ausdrucksvollen Ton. Zus\u00e4tzlich ist eine gute Stimmbest\u00e4ndigkeit und eine schnelle Akklimatisierung bei Schwankungen der Temperatur ein gro\u00dfer Vorteil einer Truhenorgel, und dies selbst beim Transport!<\/p>\n\n\n\n<div style=\"height:40px\" aria-hidden=\"true\" class=\"wp-block-spacer\"><\/div>\n\n\n\n<h2 class=\"wp-block-heading\">Einfaches &#8222;Handling&#8220;<\/h2>\n\n\n\n<p>Die Truhenorgel l\u00e4sst sich ganz einfach und ohne Spezialwerkzeug stimmen. Zudem erm\u00f6glicht die angenehme H\u00f6he eine bequeme Sitzhaltung, einen guten Anschlag und der Spieler der Truhenorgel verf\u00fcgt \u00fcber eine gute \u00dcbersicht und kann somit guten Kontakt mit Mitmusizierenden und ggf. einem Dirigent halten.  Die Register lassen sich nur mit einer Hand (links) bedienen. Au\u00dferdem kann die Orgel gegebenenfalls auch im Liegen transportiert werden.<\/p>\n\n\n\n<div style=\"height:70px\" aria-hidden=\"true\" class=\"wp-block-spacer\"><\/div>\n\n\n\n<h2 class=\"wp-block-heading has-text-align-center\">Interesse geweckt?<\/h2>\n\n\n\n<p>Wenn Ihr Interesse geweckt wurde, und Sie gerne noch mehr dar\u00fcber erfahren w\u00fcrden, laden Sie sich jetzt unverbindlich interessante und n\u00fctzliche Dokumente und Medien herunter die sie unter &#8222;Dokumente&#8220; finden k\u00f6nnen!<\/p>\n","protected":false},"excerpt":{"rendered":"<p>Nachdem im Jahre 2022 eine eigene Truhenorgel erworben werden konnte -mehr dazu unten- richtet sich der Fokus nun auf die Erweiterung des Streichinstrumenten-Fundus. So soll in diesem Jahr mit der h\u00f6chsten Priorit\u00e4t das erste vereinseigene Violoncello erworben werden. Geplant ist au\u00dferdem, den Fundus um eine Viola und eine Violine zu erweitern, die dann den Musikern &hellip; <\/p>\n<p class=\"link-more\"><a href=\"https:\/\/415hertz.de\/?page_id=87\" class=\"more-link\"><span class=\"screen-reader-text\">\u201eAktuelles\u201c <\/span>weiterlesen<\/a><\/p>\n","protected":false},"author":1,"featured_media":174,"parent":0,"menu_order":0,"comment_status":"closed","ping_status":"closed","template":"","meta":{"footnotes":""},"class_list":["post-87","page","type-page","status-publish","has-post-thumbnail","hentry"],"_links":{"self":[{"href":"https:\/\/415hertz.de\/index.php?rest_route=\/wp\/v2\/pages\/87","targetHints":{"allow":["GET"]}}],"collection":[{"href":"https:\/\/415hertz.de\/index.php?rest_route=\/wp\/v2\/pages"}],"about":[{"href":"https:\/\/415hertz.de\/index.php?rest_route=\/wp\/v2\/types\/page"}],"author":[{"embeddable":true,"href":"https:\/\/415hertz.de\/index.php?rest_route=\/wp\/v2\/users\/1"}],"replies":[{"embeddable":true,"href":"https:\/\/415hertz.de\/index.php?rest_route=%2Fwp%2Fv2%2Fcomments&post=87"}],"version-history":[{"count":20,"href":"https:\/\/415hertz.de\/index.php?rest_route=\/wp\/v2\/pages\/87\/revisions"}],"predecessor-version":[{"id":405,"href":"https:\/\/415hertz.de\/index.php?rest_route=\/wp\/v2\/pages\/87\/revisions\/405"}],"wp:featuredmedia":[{"embeddable":true,"href":"https:\/\/415hertz.de\/index.php?rest_route=\/wp\/v2\/media\/174"}],"wp:attachment":[{"href":"https:\/\/415hertz.de\/index.php?rest_route=%2Fwp%2Fv2%2Fmedia&parent=87"}],"curies":[{"name":"wp","href":"https:\/\/api.w.org\/{rel}","templated":true}]}}